{"id":912,"date":"2022-03-08T09:56:48","date_gmt":"2022-03-08T09:56:48","guid":{"rendered":"https:\/\/can-cun.es\/?page_id=912"},"modified":"2022-03-08T10:00:13","modified_gmt":"2022-03-08T10:00:13","slug":"legal-notice","status":"publish","type":"page","link":"https:\/\/can-cun.es\/en\/legal-notice\/","title":{"rendered":"Legal Notice"},"content":{"rendered":"<p>[et_pb_section fb_built=&#8221;1&#8243; _builder_version=&#8221;4.14.7&#8243; _module_preset=&#8221;default&#8221; global_colors_info=&#8221;{}&#8221; theme_builder_area=&#8221;post_content&#8221;][et_pb_row _builder_version=&#8221;4.14.7&#8243; _module_preset=&#8221;default&#8221; global_colors_info=&#8221;{}&#8221; theme_builder_area=&#8221;post_content&#8221;][et_pb_column type=&#8221;4_4&#8243; _builder_version=&#8221;4.14.7&#8243; _module_preset=&#8221;default&#8221; global_colors_info=&#8221;{}&#8221; theme_builder_area=&#8221;post_content&#8221;][et_pb_text _builder_version=&#8221;4.14.7&#8243; _module_preset=&#8221;default&#8221; global_colors_info=&#8221;{}&#8221; theme_builder_area=&#8221;post_content&#8221;]<\/p>\n<h1 style=\"text-align: center;\">AVISO LEGAL<\/h1>\n<p>De conformidad con lo establecido en la Ley 34\/2002, de 11 de julio, de servicios de la sociedad de la informaci\u00f3n y de comercio electr\u00f3nico, se facilita la siguiente informaci\u00f3n:<br \/>\n<\/p>\n<h2>DATOS IDENTIFICATIVOS<\/h2>\n<p>Usted est\u00e1 visitando la p\u00e1gina web www.can-cun.es es titularidad de EL LLOSAR DE TIBI S.L., con domicilio social en Av. Miriam Blasco, 6, CP 03540 , Alicante, con C.I.F. B-54663786, en adelante EL TITULAR.<br \/>\nPuede contactar con EL TITULAR por cualquiera de los siguientes medios:<br \/>\n\u25cf Tel\u00e9fono: (+34) 722 68 26 93<br \/>\n\u25cf Correo electr\u00f3nico: info@can-cun.es<br \/>\n<\/p>\n<h2>HOSPEDAJE WEB<\/h2>\n<p>www.can-cun.es<br \/>\n<\/p>\n<h2>USUARIOS<\/h2>\n<p>Las presentes condiciones (en adelante Aviso Legal) tiene por finalidad regular el uso de la p\u00e1gina web de CAN-CUN que pone a disposici\u00f3n del p\u00fablico. El acceso y\/o uso de esta p\u00e1gina web atribuye la condici\u00f3n de USUARIO, que acepta, desde dicho acceso y\/o uso, las condiciones generales de uso aqu\u00ed reflejadas. Las citadas condiciones ser\u00e1n de aplicaci\u00f3n independientemente de las condiciones generales de contrataci\u00f3n que en su caso resulten de obligado cumplimiento.<br \/>\n<\/p>\n<h2>USO DEL PORTAL<\/h2>\n<p>La p\u00e1gina web www.can-cun.es proporciona el acceso a multitud de informaciones, servicios, programas o datos (en adelante, \u201clos contenidos\u201d) en Internet pertenecientes a CAN-CUN o a sus licenciantes a los que el USUARIO puede tener acceso.<br \/>\nEl usuario asume la responsabilidad del uso del portal. Dicha responsabilidad se extiende al registro que fuese necesario para acceder a determinados servicios o contenidos. En dicho registro el USUARIO ser\u00e1 responsable de aportar informaci\u00f3n veraz y l\u00edcita. Como consecuencia de este registro, al USUARIO se le puede proporcionar una contrase\u00f1a de la que ser\u00e1 responsable, comprometi\u00e9ndose a hacer un uso diligente y confidencial de la misma.<br \/>\nEl USUARIO se compromete a hacer un uso adecuado de los contenidos y servicios (p.e. consultar informaci\u00f3n, navegar por la p\u00e1gina web, etc.) que CAN-CUN ofrece a trav\u00e9s de su portal y con car\u00e1cter enunciativo, pero no limitativo, a no emplearlos para:<br \/>\n\u25cf Incurrir en actividades il\u00edcitas, ilegales o contrarias a la buena fe y al orden p\u00fablico.<br \/>\n\u25cf Difundir contenidos o propaganda racista, xen\u00f3foba, pornogr\u00e1fico-ilegal, de apolog\u00eda del terrorismo o atentatoria contra los derechos humanos.<br \/>\n\u25cf Provocar da\u00f1os en los sistemas f\u00edsicos y l\u00f3gicos de CAN-CUN, de sus proveedores o de terceras personas, introducir o difundir en la red virus inform\u00e1ticos o cualesquiera otros sistemas f\u00edsicos o l\u00f3gicos que sean susceptibles de provocar los da\u00f1os anteriormente mencionados.<br \/>\n\u25cf Intentar acceder y, en su caso, utilizar las cuentas de correo electr\u00f3nico de otros usuarios y modificar o manipular sus mensajes.<br \/>\n\u25cf Utilizar el sitio web ni las informaciones que en \u00e9l se contienen con fines comerciales, pol\u00edticos, publicitarios y para cualquier uso comercial, sobre todo en el env\u00edo de correos electr\u00f3nicos no solicitados.<br \/>\n<\/p>\n<h2>PROTECCI\u00d3N DE DATOS<\/h2>\n<p>Todo lo relativo a la pol\u00edtica de protecci\u00f3n de datos se encuentra recogido en el documento de pol\u00edtica de privacidad.<br \/>\n<\/p>\n<h2>CONTENIDOS. PROPIEDAD INTELECTUAL E INDUSTRIAL<\/h2>\n<p>CAN-CUN es propietario de todos los derechos de propiedad intelectual e industrial de su p\u00e1gina web, as\u00ed como de los elementos contenidos en la misma (a t\u00edtulo enunciativo: im\u00e1genes, fotograf\u00edas, sonido, audio, v\u00eddeo, software o textos; marcas o logotipos, combinaciones de colores, estructura y dise\u00f1o, selecci\u00f3n de materiales usados, programas de ordenador necesarios para su funcionamiento, acceso y uso, etc.), titularidad de CAN-CUN o bien de sus licenciantes.<br \/>\nTodos los derechos reservados. En virtud de lo dispuesto en los art\u00edculos 8 y 32.1, p\u00e1rrafo segundo, de la Ley de Propiedad Intelectual, quedan expresamente prohibidas la reproducci\u00f3n, la distribuci\u00f3n y la comunicaci\u00f3n p\u00fablica, incluida su modalidad de puesta a disposici\u00f3n, de la totalidad o parte de los contenidos de esta p\u00e1gina web, con fines comerciales, en cualquier soporte y por cualquier medio t\u00e9cnico, sin la autorizaci\u00f3n de CAN-CUN.<br \/>\n<\/p>\n<h2>EXCLUSI\u00d3N DE GARANT\u00cdAS Y RESPONSABILIDAD<\/h2>\n<p>El USUARIO reconoce que la utilizaci\u00f3n de la p\u00e1gina web y de sus contenidos y servicios se desarrolla bajo su exclusiva responsabilidad. En concreto, a t\u00edtulo meramente enunciativo, CAN-CUN no asume ninguna responsabilidad en los siguientes \u00e1mbitos:<br \/>\n\u25cf La disponibilidad del funcionamiento de la p\u00e1gina web, sus servicios y contenidos y su calidad o interoperabilidad.<br \/>\n\u25cf La finalidad para la que la p\u00e1gina web sirva a los objetivos del USUARIO.<br \/>\n\u25cf La infracci\u00f3n de la legislaci\u00f3n vigente por parte del USUARIO o terceros y, en concreto, de los derechos de propiedad intelectual e industrial que sean titularidad de otras personas o entidades.<br \/>\n\u25cf La existencia de c\u00f3digos maliciosos o cualquier otro elemento inform\u00e1tico da\u00f1ino que pudiera causar el sistema inform\u00e1tico del USUARIO o de terceros. Corresponde al USUARIO, en todo caso, disponer de herramientas adecuadas para la detecci\u00f3n y desinfecci\u00f3n de estos elementos.<br \/>\n\u25cf El acceso fraudulento a los contenidos o servicios por terceros no autorizados, o, en su caso, la captura, eliminaci\u00f3n, alteraci\u00f3n, modificaci\u00f3n o manipulaci\u00f3n de los mensajes y comunicaciones de cualquier clase que dichos terceros pudiera realizar.<br \/>\n\u25cf La exactitud, veracidad, actualidad y utilidad de los contenidos y servicios ofrecidos y la utilizaci\u00f3n posterior que de ellos haga el USUARIO. CAN-CUN emplear\u00e1n todos los esfuerzos y medios razonables para facilitar la informaci\u00f3n actualizada y fehaciente.<br \/>\n\u25cf Los da\u00f1os producidos a equipos inform\u00e1ticos durante el acceso a la p\u00e1gina web y los da\u00f1os producidos a los USUARIOS cuando tengan su origen en fallos o desconexiones en las redes de telecomunicaciones que interrumpan el servicio.<br \/>\n\u25cf Los da\u00f1os o perjuicios que se deriven de circunstancias acaecidas por caso fortuito o fuerza mayor.<br \/>\n<\/p>\n<h2>MODIFICACI\u00d3N DE ESTE AVISO LEGAL Y DURACI\u00d3N<\/h2>\n<p>CAN-CUN se reserva el derecho de efectuar sin previo aviso las modificaciones que considere oportunas en su portal, pudiendo cambiar, suprimir o a\u00f1adir tantos contenidos y servicios que se presten a trav\u00e9s de la misma, como la forma en la que \u00e9stos aparezcan representados o localizados en su portal. La vigencia de las citadas condiciones ir\u00e1 en funci\u00f3n de su exposici\u00f3n y estar\u00e1n vigentes hasta que sean modificadas por otras debidamente publicadas.<br \/>\n<\/p>\n<h2>ENLACES<\/h2>\n<p>En el caso de que en www.can-cun.es se incluyesen enlaces o hiperv\u00ednculos hacia otros sitios de Internet, CAN-CUN no ejercer\u00e1 ning\u00fan tipo de control sobre dichos sitios y contenidos. En ning\u00fan caso CAN-CUN asumir\u00e1 responsabilidad alguna por los contenidos de alg\u00fan enlace perteneciente a un sitio web ajeno, ni garantizar\u00e1 la disponibilidad t\u00e9cnica, calidad, fiabilidad, exactitud, amplitud, veracidad, validez y constitucionalidad de cualquier materia o informaci\u00f3n contenida en ninguno de dichos hiperv\u00ednculos y otros sitios en Internet. Igualmente, la inclusi\u00f3n de estas conexiones externas no implicar\u00e1 ning\u00fan tipo de asociaci\u00f3n, fusi\u00f3n o participaci\u00f3n con las entidades conectadas.<br \/>\n<\/p>\n<h2>DERECHOS DE EXCLUSI\u00d3N<\/h2>\n<p>CAN-CUN se reserva el derecho a denegar o retirar el acceso al portal y\/o los servicios ofrecidos sin necesidad de advertencia previa, a instancia propia o de un tercero, a aquellos usuarios que incumplan el contenido de este aviso legal.<br \/>\n<\/p>\n<h2>GENERALIDADES<\/h2>\n<p>CAN-CUN perseguir\u00e1 el incumplimiento de las presentes condiciones as\u00ed como cualquier utilizaci\u00f3n indebida de su portal ejerciendo todas las acciones civiles y penales que le puedan corresponder en derecho.<br \/>\n<\/p>\n<h2>LEGISLACI\u00d3N APLICABLE Y JURISDICCI\u00d3N<\/h2>\n<p>La relaci\u00f3n entre CAN-CUN y EL USUARIO se regir\u00e1 por la normativa espa\u00f1ola vigente. Todas las disputas y reclamaciones derivadas de este aviso legal se resolver\u00e1n por los juzgados y tribunales espa\u00f1oles.<br \/>\n<\/p>\n<h2>MENORES DE EDAD<\/h2>\n<p>CAN-CUN dirige sus servicios a usuarios mayores de 18 a\u00f1os. Los menores de esta edad, no est\u00e1n autorizados a utilizar nuestros servicios y no deber\u00e1n, por tanto, enviarnos sus datos personales. Informamos de que si se da tal circunstancia, CAN-CUN no se hace responsable de las posibles consecuencias que pudieran derivarse del incumplimiento del aviso que en esta misma cl\u00e1usula se establece.<br \/>\n<br \/>\n<em>\u00daltima revisi\u00f3n: 25 de febrero de 2022<\/em>[\/et_pb_text][\/et_pb_column][\/et_pb_row][\/et_pb_section]<\/p>\n","protected":false},"excerpt":{"rendered":"<p>AVISO LEGAL De conformidad con lo establecido en la Ley 34\/2002, de 11 de julio, de servicios de la sociedad de la informaci\u00f3n y de comercio electr\u00f3nico, se facilita la siguiente informaci\u00f3n: DATOS IDENTIFICATIVOS Usted est\u00e1 visitando la p\u00e1gina web www.can-cun.es es titularidad de EL LLOSAR DE TIBI S.L., con domicilio social en Av. Miriam [&hellip;]<\/p>\n","protected":false},"author":1,"featured_media":0,"parent":0,"menu_order":0,"comment_status":"closed","ping_status":"closed","template":"","meta":{"_et_pb_use_builder":"on","_et_pb_old_content":"","_et_gb_content_width":"","footnotes":""},"class_list":["post-912","page","type-page","status-publish","hentry"],"yoast_head":"<!-- This site is optimized with the Yoast SEO plugin v18.1 - https:\/\/yoast.com\/wordpress\/plugins\/seo\/ -->\n<title>Legal Notice - Can-Cun | Residencia canina en Alicante<\/title>\n<meta name=\"robots\" content=\"index, follow, max-snippet:-1, max-image-preview:large, max-video-preview:-1\" \/>\n<link rel=\"canonical\" href=\"https:\/\/can-cun.es\/en\/legal-notice\/\" \/>\n<meta property=\"og:locale\" content=\"en_US\" \/>\n<meta property=\"og:type\" content=\"article\" \/>\n<meta property=\"og:title\" content=\"Legal Notice - Can-Cun | Residencia canina en Alicante\" \/>\n<meta property=\"og:description\" content=\"AVISO LEGAL De conformidad con lo establecido en la Ley 34\/2002, de 11 de julio, de servicios de la sociedad de la informaci\u00f3n y de comercio electr\u00f3nico, se facilita la siguiente informaci\u00f3n: DATOS IDENTIFICATIVOS Usted est\u00e1 visitando la p\u00e1gina web www.can-cun.es es titularidad de EL LLOSAR DE TIBI S.L., con domicilio social en Av. Miriam [&hellip;]\" \/>\n<meta property=\"og:url\" content=\"https:\/\/can-cun.es\/en\/legal-notice\/\" \/>\n<meta property=\"og:site_name\" content=\"Can-Cun | Residencia canina en Alicante\" \/>\n<meta property=\"article:modified_time\" content=\"2022-03-08T10:00:13+00:00\" \/>\n<meta name=\"twitter:card\" content=\"summary_large_image\" \/>\n<script type=\"application\/ld+json\" class=\"yoast-schema-graph\">{\"@context\":\"https:\/\/schema.org\",\"@graph\":[{\"@type\":\"WebSite\",\"@id\":\"https:\/\/can-cun.es\/#website\",\"url\":\"https:\/\/can-cun.es\/\",\"name\":\"Can-Cun | Residencia canina en Alicante\",\"description\":\"Can-Cun | Residencia canina en Alicante\",\"potentialAction\":[{\"@type\":\"SearchAction\",\"target\":{\"@type\":\"EntryPoint\",\"urlTemplate\":\"https:\/\/can-cun.es\/?s={search_term_string}\"},\"query-input\":\"required name=search_term_string\"}],\"inLanguage\":\"en-US\"},{\"@type\":\"WebPage\",\"@id\":\"https:\/\/can-cun.es\/en\/legal-notice\/#webpage\",\"url\":\"https:\/\/can-cun.es\/en\/legal-notice\/\",\"name\":\"Legal Notice - Can-Cun | Residencia canina en Alicante\",\"isPartOf\":{\"@id\":\"https:\/\/can-cun.es\/#website\"},\"datePublished\":\"2022-03-08T09:56:48+00:00\",\"dateModified\":\"2022-03-08T10:00:13+00:00\",\"breadcrumb\":{\"@id\":\"https:\/\/can-cun.es\/en\/legal-notice\/#breadcrumb\"},\"inLanguage\":\"en-US\",\"potentialAction\":[{\"@type\":\"ReadAction\",\"target\":[\"https:\/\/can-cun.es\/en\/legal-notice\/\"]}]},{\"@type\":\"BreadcrumbList\",\"@id\":\"https:\/\/can-cun.es\/en\/legal-notice\/#breadcrumb\",\"itemListElement\":[{\"@type\":\"ListItem\",\"position\":1,\"name\":\"Portada\",\"item\":\"https:\/\/can-cun.es\/en\/\"},{\"@type\":\"ListItem\",\"position\":2,\"name\":\"Legal Notice\"}]}]}<\/script>\n<!-- \/ Yoast SEO plugin. -->","yoast_head_json":{"title":"Legal Notice - Can-Cun | Residencia canina en Alicante","robots":{"index":"index","follow":"follow","max-snippet":"max-snippet:-1","max-image-preview":"max-image-preview:large","max-video-preview":"max-video-preview:-1"},"canonical":"https:\/\/can-cun.es\/en\/legal-notice\/","og_locale":"en_US","og_type":"article","og_title":"Legal Notice - Can-Cun | Residencia canina en Alicante","og_description":"AVISO LEGAL De conformidad con lo establecido en la Ley 34\/2002, de 11 de julio, de servicios de la sociedad de la informaci\u00f3n y de comercio electr\u00f3nico, se facilita la siguiente informaci\u00f3n: DATOS IDENTIFICATIVOS Usted est\u00e1 visitando la p\u00e1gina web www.can-cun.es es titularidad de EL LLOSAR DE TIBI S.L., con domicilio social en Av. Miriam [&hellip;]","og_url":"https:\/\/can-cun.es\/en\/legal-notice\/","og_site_name":"Can-Cun | Residencia canina en Alicante","article_modified_time":"2022-03-08T10:00:13+00:00","twitter_card":"summary_large_image","schema":{"@context":"https:\/\/schema.org","@graph":[{"@type":"WebSite","@id":"https:\/\/can-cun.es\/#website","url":"https:\/\/can-cun.es\/","name":"Can-Cun | Residencia canina en Alicante","description":"Can-Cun | Residencia canina en Alicante","potentialAction":[{"@type":"SearchAction","target":{"@type":"EntryPoint","urlTemplate":"https:\/\/can-cun.es\/?s={search_term_string}"},"query-input":"required name=search_term_string"}],"inLanguage":"en-US"},{"@type":"WebPage","@id":"https:\/\/can-cun.es\/en\/legal-notice\/#webpage","url":"https:\/\/can-cun.es\/en\/legal-notice\/","name":"Legal Notice - Can-Cun | Residencia canina en Alicante","isPartOf":{"@id":"https:\/\/can-cun.es\/#website"},"datePublished":"2022-03-08T09:56:48+00:00","dateModified":"2022-03-08T10:00:13+00:00","breadcrumb":{"@id":"https:\/\/can-cun.es\/en\/legal-notice\/#breadcrumb"},"inLanguage":"en-US","potentialAction":[{"@type":"ReadAction","target":["https:\/\/can-cun.es\/en\/legal-notice\/"]}]},{"@type":"BreadcrumbList","@id":"https:\/\/can-cun.es\/en\/legal-notice\/#breadcrumb","itemListElement":[{"@type":"ListItem","position":1,"name":"Portada","item":"https:\/\/can-cun.es\/en\/"},{"@type":"ListItem","position":2,"name":"Legal Notice"}]}]}},"_links":{"self":[{"href":"https:\/\/can-cun.es\/en\/wp-json\/wp\/v2\/pages\/912","targetHints":{"allow":["GET"]}}],"collection":[{"href":"https:\/\/can-cun.es\/en\/wp-json\/wp\/v2\/pages"}],"about":[{"href":"https:\/\/can-cun.es\/en\/wp-json\/wp\/v2\/types\/page"}],"author":[{"embeddable":true,"href":"https:\/\/can-cun.es\/en\/wp-json\/wp\/v2\/users\/1"}],"replies":[{"embeddable":true,"href":"https:\/\/can-cun.es\/en\/wp-json\/wp\/v2\/comments?post=912"}],"version-history":[{"count":2,"href":"https:\/\/can-cun.es\/en\/wp-json\/wp\/v2\/pages\/912\/revisions"}],"predecessor-version":[{"id":916,"href":"https:\/\/can-cun.es\/en\/wp-json\/wp\/v2\/pages\/912\/revisions\/916"}],"wp:attachment":[{"href":"https:\/\/can-cun.es\/en\/wp-json\/wp\/v2\/media?parent=912"}],"curies":[{"name":"wp","href":"https:\/\/api.w.org\/{rel}","templated":true}]}}